{"id":2296,"date":"2015-01-27T11:54:21","date_gmt":"2015-01-27T11:54:21","guid":{"rendered":"https:\/\/inst.ngo\/about-us\/"},"modified":"2024-06-26T19:13:07","modified_gmt":"2024-06-26T17:13:07","slug":"ueber-inst","status":"publish","type":"page","link":"https:\/\/inst.ngo\/de\/ueber-inst\/","title":{"rendered":"\u00dcber INST"},"content":{"rendered":"<p><div class=\"fusion-fullwidth fullwidth-box fusion-builder-row-1 fusion-parallax-fixed hundred-percent-fullwidth non-hundred-percent-height-scrolling\" style=\"background-color: rgba(255,255,255,0);background-image: url(&quot;https:\/\/inst.ngo\/wp-content\/uploads\/2019\/07\/tour-wien-blur.jpg&quot;);background-position: left top;background-repeat: no-repeat;padding-top:30px;padding-right:0px;padding-bottom:10px;padding-left:0px;margin-bottom: 0px;margin-top: 0px;border-width: 0px 0px 0px 0px;border-color:#eae9e9;border-style:solid;-webkit-background-size:cover;-moz-background-size:cover;-o-background-size:cover;background-size:cover;background-attachment:fixed;\" ><div class=\"fusion-builder-row fusion-row\"><div class=\"fusion-layout-column fusion_builder_column fusion-builder-column-0 fusion_builder_column_1_6 1_6 fusion-one-sixth fusion-column-first fusion-no-small-visibility\" style=\"width:13.3333%; margin-right: 4%;margin-top:0px;margin-bottom:20px;\"><div class=\"fusion-column-wrapper fusion-flex-column-wrapper-legacy\" style=\"background-position:left top;background-repeat:no-repeat;-webkit-background-size:cover;-moz-background-size:cover;-o-background-size:cover;background-size:cover;padding: 0px 0px 0px 0px;\"><div class=\"fusion-clearfix\"><\/div><\/div><\/div><div class=\"fusion-layout-column fusion_builder_column fusion-builder-column-1 fusion_builder_column_2_3 2_3 fusion-two-third transparent\" style=\"width:65.3333%; margin-right: 4%;margin-top:150px;margin-bottom:50px;\"><div class=\"fusion-column-wrapper fusion-flex-column-wrapper-legacy\" style=\"background-position:center center;background-repeat:no-repeat;-webkit-background-size:cover;-moz-background-size:cover;-o-background-size:cover;background-size:cover;padding: 0px 0px 0px 0px;\"><div class=\"fusion-column-content-centered\"><div class=\"fusion-column-content\"><div class=\"fusion-text fusion-text-1\" style=\"transform:translate3d(0,0,0);\"><h1 style=\"text-align: center; color: #ffffff; font-size: 44px;\">Wer sind wir?<\/h1>\n<\/div><div class=\"fusion-sep-clear\"><\/div><div class=\"fusion-separator fusion-full-width-sep\" style=\"margin-left: auto;margin-right: auto;width:100%;\"><\/div><div class=\"fusion-sep-clear\"><\/div><div class=\"fusion-text fusion-text-2\" style=\"transform:translate3d(0,0,0);\"><p>INST ist ein internationales Netzwerk von verschiedenen Organisationen und Anbietern von Sozialen Stadtrundg\u00e4ngen. Die Touren in den St\u00e4dten werden von Nonprofit-Organisationen oder Sozialfirmen durchgef\u00fchrt. Die INST-Gr\u00fcndungsmitglieder haben auf ihren tausenden von Touren rund 100&#8217;000 Besuchende \u00fcber die Folgen von Armut informiert. Gemeinsam haben sie sich mit \u00fcber 100 Sozialinstitutionen vernetzt und rund 100 Stadtf\u00fchrenden einen Lohn und neue Lebensperspektiven erm\u00f6glicht. Die Vision von INST ist, das Netzwerk der Anbieter auszubauen und vielen Stadtf\u00fchrenden eine gesellschaftliche Teilhabe zu erm\u00f6glichen. Ein gemeinsames Anliegen ist die gesellschaftliche Sensibilisierung gegen die Ausgrenzung von Armutsbetroffenen.<\/p>\n<\/div><\/div><\/div><div class=\"fusion-clearfix\"><\/div><\/div><\/div><div class=\"fusion-layout-column fusion_builder_column fusion-builder-column-2 fusion_builder_column_1_6 1_6 fusion-one-sixth fusion-column-last fusion-no-small-visibility\" style=\"width:13.3333%;margin-top:0px;margin-bottom:20px;\"><div class=\"fusion-column-wrapper fusion-flex-column-wrapper-legacy\" style=\"background-position:left top;background-repeat:no-repeat;-webkit-background-size:cover;-moz-background-size:cover;-o-background-size:cover;background-size:cover;padding: 0px 0px 0px 0px;\"><div class=\"fusion-clearfix\"><\/div><\/div><\/div><div class=\"fusion-layout-column fusion_builder_column fusion-builder-column-3 fusion_builder_column_1_6 1_6 fusion-one-sixth fusion-column-first fusion-no-small-visibility\" style=\"width:13.3333%; margin-right: 4%;margin-top:0px;margin-bottom:20px;\"><div class=\"fusion-column-wrapper fusion-flex-column-wrapper-legacy\" style=\"background-position:left top;background-repeat:no-repeat;-webkit-background-size:cover;-moz-background-size:cover;-o-background-size:cover;background-size:cover;padding: 0px 0px 0px 0px;\"><div class=\"fusion-clearfix\"><\/div><\/div><\/div><div class=\"fusion-layout-column fusion_builder_column fusion-builder-column-4 fusion_builder_column_2_3 2_3 fusion-two-third transparent\" style=\"width:65.3333%; margin-right: 4%;margin-top:0px;margin-bottom:50px;\"><div class=\"fusion-column-wrapper fusion-flex-column-wrapper-legacy\" style=\"background-position:center center;background-repeat:no-repeat;-webkit-background-size:cover;-moz-background-size:cover;-o-background-size:cover;background-size:cover;padding: 0px 0px 0px 0px;\"><div class=\"fusion-column-content-centered\"><div class=\"fusion-column-content\"><div class=\"fusion-text fusion-text-3\" style=\"transform:translate3d(0,0,0);\"><h1 style=\"text-align: center; color: #ffffff; font-size: 44px;\">Gr\u00fcndungsmitglieder<\/h1>\n<\/div><div class=\"fusion-sep-clear\"><\/div><div class=\"fusion-separator fusion-full-width-sep\" style=\"margin-left: auto;margin-right: auto;width:100%;\"><\/div><div class=\"fusion-sep-clear\"><\/div><div class=\"fusion-text fusion-text-4\" style=\"transform:translate3d(0,0,0);\"><p>INST-Gr\u00fcndungsmitglieder sind Anbieter von Sozialen Stadtrundg\u00e4ngen in Athen, Edinburgh, Basel und Wien:<\/p>\n<ul>\n<li><span style=\"color: #555;\">Paola Gallo, Gr\u00fcnderin INST<\/span><\/li>\n<li><a href=\"https:\/\/invisible-cities.org\" target=\"_blank\" rel=\"noopener noreferrer\">Invisible Cities Edinburgh, Glasgow, Manchester<\/a><\/li>\n<li><a href=\"https:\/\/www.shedia.gr\/diadromes\/\" target=\"_blank\" rel=\"noopener noreferrer\">Invisible Tours Athen<\/a><\/li>\n<li><a href=\"https:\/\/www.surprise.ngo\" target=\"_blank\" rel=\"noopener noreferrer\">Soziale Stadtrundg\u00e4nge Basel, Bern, Z\u00fcrich<\/a><\/li>\n<li><a href=\"https:\/\/supertramps.at\" target=\"_blank\" rel=\"noopener noreferrer\">Supertramps Wien<\/a><\/li>\n<\/ul>\n<\/div><\/div><\/div><div class=\"fusion-clearfix\"><\/div><\/div><\/div><div class=\"fusion-layout-column fusion_builder_column fusion-builder-column-5 fusion_builder_column_1_6 1_6 fusion-one-sixth fusion-column-last fusion-no-small-visibility\" style=\"width:13.3333%;margin-top:0px;margin-bottom:20px;\"><div class=\"fusion-column-wrapper fusion-flex-column-wrapper-legacy\" style=\"background-position:left top;background-repeat:no-repeat;-webkit-background-size:cover;-moz-background-size:cover;-o-background-size:cover;background-size:cover;padding: 0px 0px 0px 0px;\"><div class=\"fusion-clearfix\"><\/div><\/div><\/div><div class=\"fusion-layout-column fusion_builder_column fusion-builder-column-6 fusion_builder_column_1_6 1_6 fusion-one-sixth fusion-column-first fusion-no-small-visibility\" style=\"width:13.3333%; margin-right: 4%;margin-top:0px;margin-bottom:20px;\"><div class=\"fusion-column-wrapper fusion-flex-column-wrapper-legacy\" style=\"background-position:left top;background-repeat:no-repeat;-webkit-background-size:cover;-moz-background-size:cover;-o-background-size:cover;background-size:cover;padding: 0px 0px 0px 0px;\"><div class=\"fusion-clearfix\"><\/div><\/div><\/div><div class=\"fusion-layout-column fusion_builder_column fusion-builder-column-7 fusion_builder_column_2_3 2_3 fusion-two-third transparent\" style=\"width:65.3333%; margin-right: 4%;margin-top:0px;margin-bottom:100px;\"><div class=\"fusion-column-wrapper fusion-flex-column-wrapper-legacy\" style=\"background-position:center center;background-repeat:no-repeat;-webkit-background-size:cover;-moz-background-size:cover;-o-background-size:cover;background-size:cover;padding: 0px 0px 0px 0px;\"><div class=\"fusion-column-content-centered\"><div class=\"fusion-column-content\"><div class=\"fusion-text fusion-text-5\" style=\"transform:translate3d(0,0,0);\"><h1 style=\"text-align: center; color: #ffffff; font-size: 44px;\">Vorstand und Gesch\u00e4ftsleitung<\/h1>\n<\/div><div class=\"fusion-sep-clear\"><\/div><div class=\"fusion-separator fusion-full-width-sep\" style=\"margin-left: auto;margin-right: auto;width:100%;\"><\/div><div class=\"fusion-sep-clear\"><\/div><div class=\"fusion-text fusion-text-6\" style=\"transform:translate3d(0,0,0);\"><ul>\n<li><strong>Paola Gallo:<\/strong> Gr\u00fcnderin INST, Vorsitzende des Verwaltungsrats<\/li>\n<li><strong>Jannice Vierk\u00f6tter:<\/strong> Gesch\u00e4ftsleiterin Surprise Basel<\/li>\n<li><strong>Zakia Moulaoui:<\/strong> Gesch\u00e4ftsleiterin und Gr\u00fcnderin von Invisible Cities in Edinburgh, Manchester, Glasgow<\/li>\n<li><strong>Chris Alefantis:<\/strong> Gr\u00fcnder von Invisible Tours und dem Strassenmagazin Shedia, Athen<\/li>\n<li><strong>Jennifer Fielding:<\/strong> Gesch\u00e4ftsf\u00fchrerin querstadtein, Berlin<\/li>\n<\/ul>\n<\/div><\/div><\/div><div class=\"fusion-clearfix\"><\/div><\/div><\/div><div class=\"fusion-layout-column fusion_builder_column fusion-builder-column-8 fusion_builder_column_1_6 1_6 fusion-one-sixth fusion-column-last fusion-no-small-visibility\" style=\"width:13.3333%;margin-top:0px;margin-bottom:20px;\"><div class=\"fusion-column-wrapper fusion-flex-column-wrapper-legacy\" style=\"background-position:left top;background-repeat:no-repeat;-webkit-background-size:cover;-moz-background-size:cover;-o-background-size:cover;background-size:cover;padding: 0px 0px 0px 0px;\"><div class=\"fusion-clearfix\"><\/div><\/div><\/div><\/div><\/div><div class=\"fusion-fullwidth fullwidth-box fusion-builder-row-2 nonhundred-percent-fullwidth non-hundred-percent-height-scrolling fusion-equal-height-columns\" style=\"background-color: rgba(255,255,255,0);background-position: left top;background-repeat: no-repeat;padding-top:30px;padding-right:0px;padding-bottom:35px;padding-left:0px;margin-bottom: 0px;margin-top: 0px;border-width: 0px 0px 0px 0px;border-color:#;border-style:solid;\" ><div class=\"fusion-builder-row fusion-row\"><div class=\"fusion-layout-column fusion_builder_column fusion-builder-column-9 fusion_builder_column_1_3 1_3 fusion-one-third fusion-column-first fusion-column-no-min-height\" style=\"width:33.333333333333%;width:calc(33.333333333333% - ( ( 4% + 4% ) * 0.33333333333333 ) );margin-right: 4%;margin-top:0px;margin-bottom:20px;\"><div class=\"fusion-column-wrapper fusion-flex-column-wrapper-legacy\" style=\"background-position:left top;background-repeat:no-repeat;-webkit-background-size:cover;-moz-background-size:cover;-o-background-size:cover;background-size:cover;padding: 0px 0px 0px 0px;\"><div class=\"fusion-person person fusion-person-left fusion-person-1 fusion-person-icon-top transparent\"><div class=\"person-shortcode-image-wrapper\"><div class=\"person-image-container hover-type-none\" style=\"border:0px solid #f6f6f6;-webkit-border-radius:0px;-moz-border-radius:0px;border-radius:0px;\"><img decoding=\"async\" width=\"300\" height=\"300\" class=\"person-img img-responsive wp-image-12187\" src=\"https:\/\/inst.ngo\/wp-content\/uploads\/2024\/06\/paola-gallo-300x300.jpg\" alt=\"Paola Gallo \" srcset=\"https:\/\/inst.ngo\/wp-content\/uploads\/2024\/06\/paola-gallo-200x200.jpg 200w, https:\/\/inst.ngo\/wp-content\/uploads\/2024\/06\/paola-gallo-400x400.jpg 400w, https:\/\/inst.ngo\/wp-content\/uploads\/2024\/06\/paola-gallo.jpg 600w\" sizes=\"(max-width: 800px) 100vw, 400px\" \/><\/div><\/div><div class=\"person-desc\"><div class=\"person-author\"><div class=\"person-author-wrapper\"><span class=\"person-name\">Paola Gallo <\/span><span class=\"person-title\">Gr\u00fcnderin INST, Vorsitzende des Verwaltungsrats<\/span><\/div><\/div><div class=\"person-content fusion-clearfix\">\u00abSei die Ver\u00e4nderung, die du in der Gesellschaft sehen willst. Mit den Touren und dem Netzwerk zeigen wir die Auswirkungen von Armut &#8211; und wie Ver\u00e4nderungen durch neue gesellschaftliche Visionen m\u00f6glich sind.\u00bb<\/div><\/div><\/div><div class=\"fusion-clearfix\"><\/div><\/div><\/div><div class=\"fusion-layout-column fusion_builder_column fusion-builder-column-10 fusion_builder_column_1_3 1_3 fusion-one-third fusion-column-no-min-height\" style=\"width:33.333333333333%;width:calc(33.333333333333% - ( ( 4% + 4% ) * 0.33333333333333 ) );margin-right: 4%;margin-top:0px;margin-bottom:20px;\"><div class=\"fusion-column-wrapper fusion-flex-column-wrapper-legacy\" style=\"background-position:left top;background-repeat:no-repeat;-webkit-background-size:cover;-moz-background-size:cover;-o-background-size:cover;background-size:cover;padding: 0px 0px 0px 0px;\"><div class=\"fusion-person person fusion-person-left fusion-person-2 fusion-person-icon-top transparent\"><div class=\"person-shortcode-image-wrapper\"><div class=\"person-image-container hover-type-none\" style=\"border:0px solid #f6f6f6;-webkit-border-radius:0px;-moz-border-radius:0px;border-radius:0px;\"><img decoding=\"async\" width=\"300\" height=\"300\" class=\"person-img img-responsive wp-image-12183\" src=\"https:\/\/inst.ngo\/wp-content\/uploads\/2024\/06\/jannice-vierkotter-300x300.jpg\" alt=\"Jannice Vierk\u00f6tter\" srcset=\"https:\/\/inst.ngo\/wp-content\/uploads\/2024\/06\/jannice-vierkotter-200x200.jpg 200w, https:\/\/inst.ngo\/wp-content\/uploads\/2024\/06\/jannice-vierkotter-400x400.jpg 400w, https:\/\/inst.ngo\/wp-content\/uploads\/2024\/06\/jannice-vierkotter.jpg 600w\" sizes=\"(max-width: 800px) 100vw, 400px\" \/><\/div><\/div><div class=\"person-desc\"><div class=\"person-author\"><div class=\"person-author-wrapper\"><span class=\"person-name\">Jannice Vierk\u00f6tter<\/span><span class=\"person-title\">Gesch\u00e4ftsleiterin Surprise Basel<\/span><\/div><\/div><div class=\"person-content fusion-clearfix\">\u00abIm Mittelpunkt der Arbeit von INST steht das Empowerment der Stadtf\u00fchrenden: Ihr Wissen, ihre Ressourcen und Erfahrungen werden durch die Weiterbildungen und den Austausch untereinander anerkannt, gef\u00f6rdert und f\u00fcr die Gesellschaft sichtbar und erlebbar gemacht.\u00bb<\/div><\/div><\/div><div class=\"fusion-clearfix\"><\/div><\/div><\/div><div class=\"fusion-layout-column fusion_builder_column fusion-builder-column-11 fusion_builder_column_1_3 1_3 fusion-one-third fusion-column-last fusion-column-no-min-height\" style=\"width:33.333333333333%;width:calc(33.333333333333% - ( ( 4% + 4% ) * 0.33333333333333 ) );margin-top:0px;margin-bottom:20px;\"><div class=\"fusion-column-wrapper fusion-flex-column-wrapper-legacy\" style=\"background-position:left top;background-repeat:no-repeat;-webkit-background-size:cover;-moz-background-size:cover;-o-background-size:cover;background-size:cover;padding: 0px 0px 0px 0px;\"><div class=\"fusion-person person fusion-person-left fusion-person-3 fusion-person-icon-top transparent\"><div class=\"person-shortcode-image-wrapper\"><div class=\"person-image-container hover-type-none\" style=\"border:0px solid #f6f6f6;-webkit-border-radius:0px;-moz-border-radius:0px;border-radius:0px;\"><img decoding=\"async\" width=\"300\" height=\"300\" class=\"person-img img-responsive wp-image-12189\" src=\"https:\/\/inst.ngo\/wp-content\/uploads\/2024\/06\/zakia-moulaoui-300x300.jpg\" alt=\"Zakia Moulaoui\" srcset=\"https:\/\/inst.ngo\/wp-content\/uploads\/2024\/06\/zakia-moulaoui-200x200.jpg 200w, https:\/\/inst.ngo\/wp-content\/uploads\/2024\/06\/zakia-moulaoui-400x400.jpg 400w, https:\/\/inst.ngo\/wp-content\/uploads\/2024\/06\/zakia-moulaoui.jpg 600w\" sizes=\"(max-width: 800px) 100vw, 400px\" \/><\/div><\/div><div class=\"person-desc\"><div class=\"person-author\"><div class=\"person-author-wrapper\"><span class=\"person-name\">Zakia Moulaoui<\/span><span class=\"person-title\">CEO und Gr\u00fcnderin von Invisible Cities in Edinburgh, Manchester und Glasgow<\/span><\/div><\/div><div class=\"person-content fusion-clearfix\">\u00abUnsere Erfahrungen mit anderen Projekten teilen und daraus lernen zu k\u00f6nnen, ist das Beste, was wir tun k\u00f6nnen, um zu wachsen und besser zu werden. Gemeinsam sind wir viel st\u00e4rker.\u00bb<\/div><\/div><\/div><div class=\"fusion-clearfix\"><\/div><\/div><\/div><div class=\"fusion-layout-column fusion_builder_column fusion-builder-column-12 fusion_builder_column_1_3 1_3 fusion-one-third fusion-column-first fusion-column-no-min-height\" style=\"width:33.333333333333%;width:calc(33.333333333333% - ( ( 4% + 4% ) * 0.33333333333333 ) );margin-right: 4%;margin-top:0px;margin-bottom:20px;\"><div class=\"fusion-column-wrapper fusion-flex-column-wrapper-legacy\" style=\"background-position:left top;background-repeat:no-repeat;-webkit-background-size:cover;-moz-background-size:cover;-o-background-size:cover;background-size:cover;padding: 0px 0px 0px 0px;\"><div class=\"fusion-person person fusion-person-left fusion-person-4 fusion-person-icon-top transparent\"><div class=\"person-shortcode-image-wrapper\"><div class=\"person-image-container hover-type-none\" style=\"border:0px solid #f6f6f6;-webkit-border-radius:0px;-moz-border-radius:0px;border-radius:0px;\"><img decoding=\"async\" width=\"300\" height=\"300\" class=\"person-img img-responsive wp-image-12181\" src=\"https:\/\/inst.ngo\/wp-content\/uploads\/2024\/06\/chris-alefantis-300x300.jpg\" alt=\"Chris Alefantis\" srcset=\"https:\/\/inst.ngo\/wp-content\/uploads\/2024\/06\/chris-alefantis-200x200.jpg 200w, https:\/\/inst.ngo\/wp-content\/uploads\/2024\/06\/chris-alefantis-400x400.jpg 400w, https:\/\/inst.ngo\/wp-content\/uploads\/2024\/06\/chris-alefantis.jpg 600w\" sizes=\"(max-width: 800px) 100vw, 400px\" \/><\/div><\/div><div class=\"person-desc\"><div class=\"person-author\"><div class=\"person-author-wrapper\"><span class=\"person-name\">Chris Alefantis<\/span><span class=\"person-title\">Gr\u00fcnder von Invisible Tours und Strassenmagazin Shedia, Athen<\/span><\/div><\/div><div class=\"person-content fusion-clearfix\">\u00abDie Zusammenarbeit, die Entwicklung von Synergien, der Austausch von Ideen, der Austausch unserer Visionen, unserer Arbeit, unserer Herausforderungen, unserer Erfolge und Misserfolge sind entscheidend f\u00fcr unser gemeinsames Ziel: Armut und soziale Ausgrenzung zu beenden &#8211; und die Welt zu einem fairen Ort f\u00fcr alle zu machen.\u00bb<\/div><\/div><\/div><div class=\"fusion-clearfix\"><\/div><\/div><\/div><div class=\"fusion-layout-column fusion_builder_column fusion-builder-column-13 fusion_builder_column_1_3 1_3 fusion-one-third fusion-column-no-min-height\" style=\"width:33.333333333333%;width:calc(33.333333333333% - ( ( 4% + 4% ) * 0.33333333333333 ) );margin-right: 4%;margin-top:0px;margin-bottom:20px;\"><div class=\"fusion-column-wrapper fusion-flex-column-wrapper-legacy\" style=\"background-position:left top;background-repeat:no-repeat;-webkit-background-size:cover;-moz-background-size:cover;-o-background-size:cover;background-size:cover;padding: 0px 0px 0px 0px;\"><div class=\"fusion-person person fusion-person-left fusion-person-5 fusion-person-icon-top transparent\"><div class=\"person-shortcode-image-wrapper\"><div class=\"person-image-container hover-type-none\" style=\"border:0px solid #f6f6f6;-webkit-border-radius:0px;-moz-border-radius:0px;border-radius:0px;\"><img decoding=\"async\" width=\"300\" height=\"300\" class=\"person-img img-responsive wp-image-12185\" src=\"https:\/\/inst.ngo\/wp-content\/uploads\/2024\/06\/jennifer-fielding-300x300.jpg\" alt=\"Jennifer Fielding\" srcset=\"https:\/\/inst.ngo\/wp-content\/uploads\/2024\/06\/jennifer-fielding-200x200.jpg 200w, https:\/\/inst.ngo\/wp-content\/uploads\/2024\/06\/jennifer-fielding-400x400.jpg 400w, https:\/\/inst.ngo\/wp-content\/uploads\/2024\/06\/jennifer-fielding.jpg 600w\" sizes=\"(max-width: 800px) 100vw, 400px\" \/><\/div><\/div><div class=\"person-desc\"><div class=\"person-author\"><div class=\"person-author-wrapper\"><span class=\"person-name\">Jennifer Fielding<\/span><span class=\"person-title\">Managing Director querstadtein, Berlin<\/span><\/div><\/div><div class=\"person-content fusion-clearfix\">\u00abDie Touren sind ein toller Hebel, um \u00fcber die pers\u00f6nlichen Geschichten auf gesellschaftliche Probleme aufmerksam zu machen und f\u00fcr soziale Ungleichheit zu sensibilisieren. Gemeinsam k\u00f6nnen wir uns \u00fcber die relevanten gesellschaftlichen Themen verst\u00e4ndigen und uns unsere Mission vergegenw\u00e4rtigen.\u00bb<\/div><\/div><\/div><div class=\"fusion-clearfix\"><\/div><\/div><\/div><div class=\"fusion-layout-column fusion_builder_column fusion-builder-column-14 fusion_builder_column_1_3 1_3 fusion-one-third fusion-column-last fusion-column-no-min-height\" style=\"width:33.333333333333%;width:calc(33.333333333333% - ( ( 4% + 4% ) * 0.33333333333333 ) );margin-top:0px;margin-bottom:20px;\"><div class=\"fusion-column-wrapper fusion-flex-column-wrapper-legacy\" style=\"background-position:left top;background-repeat:no-repeat;-webkit-background-size:cover;-moz-background-size:cover;-o-background-size:cover;background-size:cover;padding: 0px 0px 0px 0px;\"><div class=\"fusion-clearfix\"><\/div><\/div><\/div><\/div><\/div><\/p>\n","protected":false},"excerpt":{"rendered":"","protected":false},"author":1,"featured_media":0,"parent":0,"menu_order":1,"comment_status":"closed","ping_status":"closed","template":"100-width.php","meta":{"footnotes":""},"_links":{"self":[{"href":"https:\/\/inst.ngo\/de\/wp-json\/wp\/v2\/pages\/2296"}],"collection":[{"href":"https:\/\/inst.ngo\/de\/wp-json\/wp\/v2\/pages"}],"about":[{"href":"https:\/\/inst.ngo\/de\/wp-json\/wp\/v2\/types\/page"}],"author":[{"embeddable":true,"href":"https:\/\/inst.ngo\/de\/wp-json\/wp\/v2\/users\/1"}],"replies":[{"embeddable":true,"href":"https:\/\/inst.ngo\/de\/wp-json\/wp\/v2\/comments?post=2296"}],"version-history":[{"count":90,"href":"https:\/\/inst.ngo\/de\/wp-json\/wp\/v2\/pages\/2296\/revisions"}],"predecessor-version":[{"id":12231,"href":"https:\/\/inst.ngo\/de\/wp-json\/wp\/v2\/pages\/2296\/revisions\/12231"}],"wp:attachment":[{"href":"https:\/\/inst.ngo\/de\/wp-json\/wp\/v2\/media?parent=2296"}],"curies":[{"name":"wp","href":"https:\/\/api.w.org\/{rel}","templated":true}]}}